{"id":4122,"date":"2024-01-19T09:37:40","date_gmt":"2024-01-19T13:37:40","guid":{"rendered":"https:\/\/insertapr.com\/?page_id=4122"},"modified":"2025-06-23T07:30:47","modified_gmt":"2025-06-23T11:30:47","slug":"book-mail","status":"publish","type":"page","link":"https:\/\/insertapr.com\/?page_id=4122","title":{"rendered":"BOOK MAIL"},"content":{"rendered":"\t\t<div data-elementor-type=\"wp-page\" data-elementor-id=\"4122\" class=\"elementor elementor-4122\">\n\t\t\t\t\t\t<section class=\"elementor-section elementor-top-section elementor-element elementor-element-5910510 elementor-section-boxed elementor-section-height-default elementor-section-height-default\" data-id=\"5910510\" data-element_type=\"section\">\n\t\t\t\t\t\t<div class=\"elementor-container elementor-column-gap-default\">\n\t\t\t\t\t<div class=\"elementor-column elementor-col-100 elementor-top-column elementor-element elementor-element-3831cf2\" data-id=\"3831cf2\" data-element_type=\"column\">\n\t\t\t<div class=\"elementor-widget-wrap elementor-element-populated\">\n\t\t\t\t\t\t<div class=\"elementor-element elementor-element-c487f4d elementor-widget elementor-widget-text-editor\" data-id=\"c487f4d\" data-element_type=\"widget\" data-widget_type=\"text-editor.default\">\n\t\t\t\t<div class=\"elementor-widget-container\">\n\t\t\t<style>\/*! elementor - v3.23.0 - 05-08-2024 *\/\n.elementor-widget-text-editor.elementor-drop-cap-view-stacked .elementor-drop-cap{background-color:#69727d;color:#fff}.elementor-widget-text-editor.elementor-drop-cap-view-framed .elementor-drop-cap{color:#69727d;border:3px solid;background-color:transparent}.elementor-widget-text-editor:not(.elementor-drop-cap-view-default) .elementor-drop-cap{margin-top:8px}.elementor-widget-text-editor:not(.elementor-drop-cap-view-default) .elementor-drop-cap-letter{width:1em;height:1em}.elementor-widget-text-editor .elementor-drop-cap{float:left;text-align:center;line-height:1;font-size:50px}.elementor-widget-text-editor .elementor-drop-cap-letter{display:inline-block}<\/style>\t\t\t\t<p class=\"p2\"><span class=\"s1\"><b>\ud83d\udcda Pedido personalizado de libros \ud83d\udcda <\/b><\/span><\/p>\n<p class=\"p2\"><span class=\"s1\">Cada mes abrimos espacio para lectores que buscan t\u00edtulos espec\u00edficos. <\/span><\/p>\n<p class=\"p2\"><span class=\"s1\"><b>\u00bfC\u00f3mo funciona?<\/b><\/span><\/p>\n<p class=\"p2\"><span class=\"s1\">1. Env\u00edanos tu lista de libros y cu\u00e9ntanos qu\u00e9 libros deseas (si tienes preferencia por una edici\u00f3n, menci\u00f3nala).<\/span><\/p>\n<p class=\"p2\"><span class=\"s1\">2. Verificamos disponibilidad <\/span><\/p>\n<p class=\"p2\"><span class=\"s1\">Comprobamos si podemos conseguir los t\u00edtulos que solicitaste y te a\u00f1adimos a la lista del pr\u00f3ximo pedido mensual.<\/span><\/p>\n<p class=\"p2\"><span class=\"s1\">3. Hacemos el pedido el d\u00eda 20 de cada mes <\/span><\/p>\n<p class=\"p2\"><span class=\"s1\">Una vez hecho el pedido, los libros demoran aproximadamente 2 semanas en llegar. Despu\u00e9s, procedemos a realizar los env\u00edos. <\/span><\/p>\n<p class=\"p2\"><span class=\"s1\">Nota: Si el env\u00edo es para EE. UU., demora m\u00e1s que para Puerto Rico.<\/span><\/p>\n<p class=\"p2\"><span class=\"s1\">4. Pagas solo cuando los libros lleguen <\/span><\/p>\n<p class=\"p2\"><span class=\"s1\">No aceptamos pagos por adelantado. Te notificaremos cuando los libros est\u00e9n listos para env\u00edo y te indicaremos el total a pagar. Tienes una semana para realizar el pago.<\/span><\/p>\n<p class=\"p2\"><span class=\"s1\">&#8212;<\/span><\/p>\n<p class=\"p2\"><span class=\"s1\"><b>Informaci\u00f3n importante que debes saber<\/b><\/span><\/p>\n<p class=\"p2\"><span class=\"s1\">Esto no es una preventa. <\/span><\/p>\n<p class=\"p2\"><span class=\"s1\">Pedir libros no te obliga a comprarlos si al llegar ya los conseguiste por otro medio. <\/span><\/p>\n<p class=\"p2\"><span class=\"s1\">\u00a1Solo te pedimos que nos avises si ya no lo necesitas!<\/span><\/p>\n<p class=\"p2\"><span class=\"s1\"><b>Razones por las que alg\u00fan libro podr\u00eda no llegar: <\/b><\/span><\/p>\n<p class=\"p2\"><span class=\"s1\">&#8211; El libro a\u00fan no ha sido publicado <\/span><\/p>\n<p class=\"p2\"><span class=\"s1\">&#8211; Est\u00e1 en reimpresi\u00f3n o agotado <\/span><\/p>\n<p class=\"p2\"><span class=\"s1\">&#8211; La editorial no permite env\u00edos a PR<\/span><\/p>\n<p class=\"p2\"><span class=\"s1\">Siempre mantenemos comunicaci\u00f3n contigo en caso de alg\u00fan contratiempo.<\/span><\/p>\n<p class=\"p2\"><span class=\"s1\">&#8212;<\/span><\/p>\n<p class=\"p2\"><span class=\"s1\"><b>Costo de env\u00edo<\/b><\/span><\/p>\n<p class=\"p2\"><span class=\"s1\">Desde $4.80. <\/span><\/p>\n<p class=\"p2\"><span class=\"s1\">El costo puede variar dependiendo de la cantidad de libros en tu pedido.<\/span><\/p>\n<p class=\"p2\"><span class=\"s1\">&#8212;<\/span><\/p>\n<p class=\"p2\"><span class=\"s1\">No hay l\u00edmite en tu orden<\/span><\/p>\n<p class=\"p2\"><span class=\"s1\">\u00a1Puedes pedir todos los libros que desees! <\/span><\/p>\n<p class=\"p2\"><span class=\"s1\">&#8212;<\/span><\/p>\n<p class=\"p2\"><span class=\"s2\"><b>T\u00e9rminos de cortes\u00eda para ambas partes<\/b><\/span><span class=\"s1\"><br>As\u00ed como entendemos que el cliente puede haber conseguido el libro por otro medio y no est\u00e1 obligado a comprarlo al momento de la llegada, tambi\u00e9n nos reservamos el derecho de no garantizar la disponibilidad o venta del libro una vez llegue, si se presentan situaciones extraordinarias o cambios fuera de nuestro control.<\/span><\/p>\n<p class=\"p2\"><span class=\"s1\">Nuestra prioridad es ofrecerte el mejor servicio posible, pero este servicio depende de factores log\u00edsticos, editoriales y de gesti\u00f3n. Apreciamos tu comprensi\u00f3n y comunicaci\u00f3n en todo momento.<\/span><\/p>\n<p class=\"p2\"><span class=\"s1\"><b>\u00bfListo para pedir?<\/b><\/span><\/p>\n<p class=\"p2\"><span style=\"font-family: inherit; font-size: inherit; font-style: inherit; font-variant-caps: inherit; letter-spacing: var(--theme-letter-spacing); text-transform: var(--theme-text-transform); text-decoration: var(--theme-text-decoration);\">Haz clic en el bot\u00f3n para escribirnos directamente por WhatsApp.<\/span><\/p>\t\t\t\t\t\t<\/div>\n\t\t\t\t<\/div>\n\t\t\t\t\t<\/div>\n\t\t<\/div>\n\t\t\t\t\t<\/div>\n\t\t<\/section>\n\t\t\t\t<section class=\"elementor-section elementor-top-section elementor-element elementor-element-9e7f830 elementor-section-boxed elementor-section-height-default elementor-section-height-default\" data-id=\"9e7f830\" data-element_type=\"section\">\n\t\t\t\t\t\t<div class=\"elementor-container elementor-column-gap-default\">\n\t\t\t\t\t<div class=\"elementor-column elementor-col-100 elementor-top-column elementor-element elementor-element-215eb64\" data-id=\"215eb64\" data-element_type=\"column\">\n\t\t\t<div class=\"elementor-widget-wrap elementor-element-populated\">\n\t\t\t\t\t\t<div class=\"elementor-element elementor-element-46aa8dd elementor-align-left elementor-widget elementor-widget-button\" data-id=\"46aa8dd\" data-element_type=\"widget\" data-widget_type=\"button.default\">\n\t\t\t\t<div class=\"elementor-widget-container\">\n\t\t\t\t\t<div class=\"elementor-button-wrapper\">\n\t\t\t<a class=\"elementor-button elementor-button-link elementor-size-md\" href=\"https:\/\/wa.me\/message\/NXW4VLNEBSDEG1\">\n\t\t\t\t\t\t<span class=\"elementor-button-content-wrapper\">\n\t\t\t\t\t\t<span class=\"elementor-button-icon\">\n\t\t\t\t<i aria-hidden=\"true\" class=\"fab fa-whatsapp\"><\/i>\t\t\t<\/span>\n\t\t\t\t\t\t\t\t\t<span class=\"elementor-button-text\">Ordenar<\/span>\n\t\t\t\t\t<\/span>\n\t\t\t\t\t<\/a>\n\t\t<\/div>\n\t\t\t\t<\/div>\n\t\t\t\t<\/div>\n\t\t\t\t\t<\/div>\n\t\t<\/div>\n\t\t\t\t\t<\/div>\n\t\t<\/section>\n\t\t\t\t<\/div>\n\t\t","protected":false},"excerpt":{"rendered":"<p>\ud83d\udcda Pedido personalizado de libros \ud83d\udcda Cada mes abrimos espacio para lectores que buscan t\u00edtulos espec\u00edficos. \u00bfC\u00f3mo funciona? 1. Env\u00edanos tu lista de libros y cu\u00e9ntanos qu\u00e9 libros deseas (si tienes preferencia por una edici\u00f3n, menci\u00f3nala). 2. Verificamos disponibilidad Comprobamos si podemos conseguir los t\u00edtulos que solicitaste y te a\u00f1adimos a la lista del pr\u00f3ximo [&hellip;]<\/p>\n","protected":false},"author":1,"featured_media":0,"parent":0,"menu_order":0,"comment_status":"closed","ping_status":"closed","template":"","meta":{"_monsterinsights_skip_tracking":false,"_monsterinsights_sitenote_active":false,"_monsterinsights_sitenote_note":"","_monsterinsights_sitenote_category":0,"_uf_show_specific_survey":0,"_uf_disable_surveys":false,"footnotes":""},"blocksy_meta":{"styles_descriptor":{"styles":{"desktop":"","tablet":"","mobile":""},"google_fonts":[],"version":6}},"_links":{"self":[{"href":"https:\/\/insertapr.com\/index.php?rest_route=\/wp\/v2\/pages\/4122"}],"collection":[{"href":"https:\/\/insertapr.com\/index.php?rest_route=\/wp\/v2\/pages"}],"about":[{"href":"https:\/\/insertapr.com\/index.php?rest_route=\/wp\/v2\/types\/page"}],"author":[{"embeddable":true,"href":"https:\/\/insertapr.com\/index.php?rest_route=\/wp\/v2\/users\/1"}],"replies":[{"embeddable":true,"href":"https:\/\/insertapr.com\/index.php?rest_route=%2Fwp%2Fv2%2Fcomments&post=4122"}],"version-history":[{"count":67,"href":"https:\/\/insertapr.com\/index.php?rest_route=\/wp\/v2\/pages\/4122\/revisions"}],"predecessor-version":[{"id":7026,"href":"https:\/\/insertapr.com\/index.php?rest_route=\/wp\/v2\/pages\/4122\/revisions\/7026"}],"wp:attachment":[{"href":"https:\/\/insertapr.com\/index.php?rest_route=%2Fwp%2Fv2%2Fmedia&parent=4122"}],"curies":[{"name":"wp","href":"https:\/\/api.w.org\/{rel}","templated":true}]}}